{"id":7,"date":"2021-12-06T10:16:20","date_gmt":"2021-12-06T10:16:20","guid":{"rendered":"http:\/\/cenkyasa.com\/?page_id=7"},"modified":"2021-12-06T11:30:57","modified_gmt":"2021-12-06T11:30:57","slug":"bize-ulasin","status":"publish","type":"page","link":"http:\/\/cenkyasa.com\/index.php\/bize-ulasin\/","title":{"rendered":"Bize ula\u015f\u0131n"},"content":{"rendered":"\n<p><\/p>\n\n\n\n<p><br><strong>\u0130stanbul \u00dcniversitesi<br>\u0130stanbul T\u0131p Fak\u00fcltesi<br>Cerrahi Monoblok Binas\u0131 9.Kat<br>\u00c7apa \/ \u015eehremini<br>0212 414 20 00 \/ 32630<br>cenk.yasa@istanbul.edu.tr<br>cenk_yasa@yahoo.com<\/strong><\/p>\n","protected":false},"excerpt":{"rendered":"<p>\u0130stanbul \u00dcniversitesi\u0130stanbul T\u0131p Fak\u00fcltesiCerrahi Monoblok Binas\u0131 9.Kat\u00c7apa \/ \u015eehremini0212 414 20 00 \/ 32630cenk.yasa@istanbul.edu.trcenk_yasa@yahoo.com<\/p>\n","protected":false},"author":1,"featured_media":0,"parent":0,"menu_order":0,"comment_status":"closed","ping_status":"closed","template":"","meta":[],"_links":{"self":[{"href":"http:\/\/cenkyasa.com\/index.php\/wp-json\/wp\/v2\/pages\/7"}],"collection":[{"href":"http:\/\/cenkyasa.com\/index.php\/wp-json\/wp\/v2\/pages"}],"about":[{"href":"http:\/\/cenkyasa.com\/index.php\/wp-json\/wp\/v2\/types\/page"}],"author":[{"embeddable":true,"href":"http:\/\/cenkyasa.com\/index.php\/wp-json\/wp\/v2\/users\/1"}],"replies":[{"embeddable":true,"href":"http:\/\/cenkyasa.com\/index.php\/wp-json\/wp\/v2\/comments?post=7"}],"version-history":[{"count":6,"href":"http:\/\/cenkyasa.com\/index.php\/wp-json\/wp\/v2\/pages\/7\/revisions"}],"predecessor-version":[{"id":89,"href":"http:\/\/cenkyasa.com\/index.php\/wp-json\/wp\/v2\/pages\/7\/revisions\/89"}],"wp:attachment":[{"href":"http:\/\/cenkyasa.com\/index.php\/wp-json\/wp\/v2\/media?parent=7"}],"curies":[{"name":"wp","href":"https:\/\/api.w.org\/{rel}","templated":true}]}}