{"id":24,"date":"2021-12-06T10:17:56","date_gmt":"2021-12-06T10:17:56","guid":{"rendered":"http:\/\/cenkyasa.com\/?page_id=24"},"modified":"2021-12-06T11:31:22","modified_gmt":"2021-12-06T11:31:22","slug":"yayinlar","status":"publish","type":"page","link":"http:\/\/cenkyasa.com\/index.php\/yayinlar\/","title":{"rendered":"Yay\u0131nlar"},"content":{"rendered":"\n<p><br>SCI, SCI-E, SSCI, AHCI \u0130NDEKSLER\u0130NE G\u0130REN DERG\u0130LERDE YAYINLANAN MAKALELER<\/p>\n\n\n\n<p>YASA CENK, G\u00dcNG\u00d6R UGURLUCAN FUNDA, DURAL \u00d6ZLEM, YUMRU HARIKA,GUNAYDIN CANSU,YAL\u00c7IN \u00d6NAY (2017). Transobturator Tape Operation for the Treatment of Stress Urinary Incontinence in Postmenopausal Women Aged Over 65 Years. Lower Urinary Tract Symptoms, Doi: 10.1111\/luts.12154.<\/p>\n\n\n\n<p>YASA CENK, DURAL \u00d6ZLEM, BASTU ERCAN, ZORLU MASALLAH, DEMIR OMER, G\u00dcNG\u00d6R UGURLUCAN FUNDA (2017). Impact of laparoscopic ovarian detorsion on ovarian reserve. Journal of Obstetrics and Gynaecology Research, 43(2):298-302. Doi:10.1111\/jog.13195.<\/p>\n\n\n\n<p>DURAL \u00d6ZLEM, YASA CENK, BASTU ERCAN, G\u00dcNG\u00d6R UGURLUCAN FUNDA, YILMAZ GAMZE, YUKSEL BAHAR, AKHAN SULEYMAN ENGIN, BUYRU HASAN FARUK (2017). Laparoscopic Outcomes of Adnexal Surgery in Older Children and Adolescents. Journal of Pediatric And Adolescent Gynecology, 30:128-131.Doi: 10.1016\/j.jpag.2016.09.004.<\/p>\n\n\n\n<p>KARAMUSTAFAOGLU BALCI B, G\u00dcNG\u00d6R UGURLUCAN FUNDA. YASA CENK, YALCIN ONAY (2017). 5-Year experience in the diagnosis and treatment of occult urinary incontinence in women with pelvic organ prolapse. 210:265-269.Doi: 10.1016\/j.ejogrb.2017.01.007.<\/p>\n\n\n\n<p>YASA CENK, DURAL \u00d6ZLEM, BASTU ERCAN, G\u00dcNG\u00d6R UGURLUCAN FUNDA, NEHIR ASLI, IYIBOZKURT AHMET CEM (2016) . Evaluation of the diagnostic role of transvaginal ultrasound measurements of endometrial thickness to detect endometrial malignancy in asymptomatic postmenopausal women. Archives of Gynecology and Obstetrics, 294(2), 311-316,Doi: 10.1007\/s00404-016-4054-5.<\/p>\n\n\n\n<p>YASA CENK, G\u00dcNG\u00d6R UGURLUCAN FUNDA, DURAL \u00d6ZLEM, \u00c7ELIK SERDAL, YAL\u00c7IN \u00d6NAY (2016). A Valuable Option in the Management of Female Recurrent Stress Urinary Incontinence: Re-Adjustable Sling (Remeex Sling System). Urologia Internationalis, 97(2), 224-229,Doi: 10.1159\/000444398.<\/p>\n\n\n\n<p>DURAL \u00d6ZLEM, G\u00dcNG\u00d6R UGURLUCAN FUNDA, YASA CENK, BASTU ERCAN, EREN HULYA, YUKSEL BAHAR, CELIK SERDAL, AKHAN SULEYMAN ENGIN (2017). A Case of Distal Vaginal Agenesis Presenting with Recurrent Urinary Tract Infection and Pyuria in a Prepubertal Girl. Journal of Pediatric And Adolescent Gynecology, 30e7-e10.Doi: 10.1016\/j.jpag.2016.08.007.<\/p>\n\n\n\n<p>DURAL \u00d6ZLEM, YASA CENK, KEYIF BETUL, CELIKSOY HARIKA, DEMIRAL IREM, YUKSEL OZGOR BAHAR, G\u00dcNG\u00d6R UGURLUCAN FUNDA, BASTU ERCAN (2016). Effect of infertility on quality of life of women: a validation study of the Turkish FertiQoL. Human Fertility (Cambridge.England),19(3):186-191. Doi:10.1080\/14647273 . 2016.<\/p>\n\n\n\n<p>DURAL \u00d6ZLEM, YASA CENK,KALELIOGLU \u0130BRAH\u0130M HAL\u0130L,CAN SULTAN, YILMAZ GAMZE,CORBACIOGLU ESMER AYTUL,HAS RECEP,YUKSEL ATIL (2016). Comparison of perinatal outcomes of selective termination in dichorionic twin pregnancies performed at different gestational ages. Journal of Maternal Fetal Neonatal Medicine, Doi: 10.1080\/14767058.2016.1214703<\/p>\n\n\n\n<p>BASTU ERCAN, YASA CENK, DURAL \u00d6ZLEM, OZGOR YUKSEL BAHAR, YILMAZ GAMZE, G\u00dcNG\u00d6R UGURLUCAN FUNDA, BUYRU FARUK, BANERJEE S (2016). Comparison of 2 Methods of Vaginal Cuff Closure at Laparoscopic Hysterectomy and Their Effect on Female Sexual Function and Vaginal Length: A Randomized Clinical Study. Journal of Minimally Invasive Gynecology, 23(6), 986-993, Doi: 10.1016\/j.jmig.2016.07.007.<\/p>\n\n\n\n<p>HAS RECEP, GILBAZ AKEL ESRA, KALELIOGLU IBRAHIM HALIL, DURAL \u00d6ZLEM,YASA CENK, \u00c7ORBACIOGLU ESMER AYT\u00dcL,Y\u00dcKSEL ATIL,YILDIRIM ALKAN,IBRAHIMOGLU LEMI ERGIN,ERMIS HAYRI (2016). Fetal nasal bone hypoplasia in the second trimester: Comparison of diagnostic methods for predicting trisomy 21 (Down syndrome). Journal of Clinical Ultrasound, 44(2), 106-112.Doi: 10.1002\/jcu.22277.<\/p>\n\n\n\n<p>S\u00d6ZEN HAMDULLAH, \u00c7IFT\u00c7I R\u00dcMEYSA,VATANSEVER DOGAN,TOPUZ SAMET, IYIBOZKURT AHMET CEM, BOZBEY HAMZA UGUR,YASA CENK,\u00c7ALI HALIME, YAVUZ EKREM,K\u00dc\u00c7\u00dcC\u00dcK NEZIHE SEDEN, AYDINER ADNAN (2016). Combination of adjuvant chemotherapy and radiotherapy is associated with improved survival at early stage type II endometrial cancer and carcinosarcoma . Australian and New Zealand Journal of Obstetrics and Gynaecology, 56(2), 199-206,Doi: 10.1111\/ajo.12449.<\/p>\n\n\n\n<p>YASA CENK, G\u00dcNG\u00d6R UGURLUCAN FUNDA,YAL\u00c7IN \u00d6NAY (2016). Management of pyometra after LeFort colpocleisis resistant to drainage. International Urogynecology Journal, 27(4), 645-646, Doi: 10.1007\/s00192-015-2936-x<\/p>\n\n\n\n<p>DURAL \u00d6ZLEM, YASA CENK, BASTU ERCAN, G\u00dcNG\u00d6R UGURLUCAN FUNDA, CAN SULTAN, YILMAZ GAMZE, BUYRU HASAN FARUK (2015). Reproductive Outcomes of Hysteroscopic Septoplasty Techniques. JSLS : Journal of the Society of Laparoendoscopic Surgeons, 19(4), 201500085,Doi: 10.4293\/JSLS.2015.00085.<\/p>\n\n\n\n<p>COMBA CIHAN, BASTU ERCAN, DURAL \u00d6ZLEM, YASA CENK, KESKIN G\u00dcLSAH, \u00d6ZS\u00dcRMELI MEHMET, BUYRU HASAN FARUK, SERDAROGLU HASAN (2015). Role of inflammatory mediators in patients with recurrent pregnancy loss. Fertility and Sterility, 104(6), 1467-14741., Doi: 10.1016\/j.fertnstert.2015.08.011.<\/p>\n\n\n\n<p>BASTU ERCAN, MUTLU MEHMET FIRAT, YASA CENK, DURAL \u00d6ZLEM, NEHIR AYTAN ASLI, \u00c7ELIK CEM, BUYRU FARUK, YEH JOHN (2015). Role of Mucin 1 and Glycodelin A in recurrent implantation failure. Fertility and Sterility, 103(4), 1059-1064., Doi: 10.1016\/j.fertnstert. 2015.01.025<\/p>\n\n\n\n<p>BASTU ERCAN, G\u00d6KULU SEVKI G\u00d6KSUN, DURAL \u00d6ZLEM, YASA CENK, BULGURCUOGLU SIBEL, KARAMUSTAFAOGLU BALCI BUR\u00c7IN,\u00c7ELIK CEM,BUYRU FARUK (2015) . The association between follicular fluid levels of cathepsin B, relaxin or AMH with clinical pregnancy rates in infertile patients. European Journal of Obstetrics &amp; Gynecology and Reproductive Biology, 187, 30-34., Doi: 10.1016\/j.ejogrb. 2015.02.009.<\/p>\n\n\n\n<p>TURHAN AZIZE, AKHAN S\u00dcLEYMAN ENGIN, BASTU ERCAN,G\u00dcNG\u00d6R UGURLUCAN FUNDA,YASA CENK,OSKAY \u00dcMRAN,YAL\u00c7IN \u00d6NAY (2015). The effect of urinary incontinence on sexual functioning in turkish women of reproductive and menopausal ages. International Journal of Sexual Health, 27(4), 396-405., Doi: 10.1080 \/19317611.2015.1023962.<\/p>\n\n\n\n<p>AYDIN SERDAR, ARIOGLU AYDIN \u00c7AGRI, G\u00dcNG\u00d6R UGURLUCAN FUNDA, YASA CENK, DURAL \u00d6ZLEM (2015). Recurrent pyoderma gangrenosum after cesarean delivery successfully treated with vacuum-assisted closure and split thickness skin graft: A case report. Journal of Obstetrics and Gynaecology Research, 41(4), 635-639., Doi:10.1111\/jog.12559<\/p>\n\n\n\n<p>HAS RECEP, KALELIOGLU IBRAHIM HALIL, \u00c7ORBACIOGLU ESMER AYT\u00dcL, ERMIS HAYRI, DURAL \u00d6ZLEM, DOGAN YASEMIN, YASA CENK, YUMRU \u00c7ELIKSOY HARIKA, DEMIR \u00d6MER, Y\u00dcKSEL ATIL, IBRAHIMOGLU LEMI ERGIN, YILDIRIM ALKAN (2014). Stage-Related Outcome after Fetoscopic Laser Ablation in Twin-to-Twin Transfusion Syndrome. Fetal Diagnosis and Therapy, 36(4), 287-292., Doi: 10.1159\/000362385.<\/p>\n\n\n\n<p>HAS RECEP, KALELIOGLU IBRAHIM HALIL, \u00c7ORBACIOGLU ESMER AYT\u00dcL, ERMIS HAYRI, DURAL \u00d6ZLEM, DOGAN YASEMIN, YASA CENK, DEMIR \u00d6MER,YUMRU \u00c7ELIKSOY HARIKA,YILDIRIM ALKAN, IBRAHIMOGLU LEMI ERGIN,Y\u00dcKSEL ATIL (2014) . Bipolar Cord Coagulation in the Management of Complicated Monochorionic Twin Pregnancies. Fetal Diagnosis and Therapy, 36(3), 190-195., Doi: 10.1159\/000360853.<\/p>\n\n\n\n<p>ISTEK AYSE, G\u00dcNG\u00d6R UGURLUCAN FUNDA, YASA CENK,YAL\u00c7IN \u00d6NAY (2014). Randomized trial of long-term effects of percutaneous tibial nerve stimulation on chronic pelvic pain. Archives of Gynecology and Obstetrics, 290(2), 291-298., Doi: 10.1007\/s00404-014-3190-z.<\/p>\n\n\n\n<p>YASA CENK, DURAL \u00d6ZLEM, G\u00dcNG\u00d6R UGURLUCAN FUNDA, BASTU ERCAN, DEMIR \u00d6MER, TOPUZ SAMET (2014). Acute colonic pseudo-obstruction after hysterectomy in a patient with Friedreich ataxia. Archives of Gynecology and Obstetrics, 289(5), 1151-1153., Doi: 10.1007\/s00404-013-3125-0.<\/p>\n\n\n\n<p>KORKMAZ D\u00dcZG\u00dcN, BASTU ERCAN, DURAL \u00d6ZLEM,YASA CENK,YAVUZ EKREM,BUYRU FARUK (2013). Apoptosis through regulation of Bcl-2, Bax and Mcl-1 expressions in endometriotic cyst lesions and the endometrium of women with moderate to severe endometriosis. Journal of Obstetrics and Gynaecology, 33(7), 725-728., Doi: 10.3109\/01443615.2013.824416.<\/p>\n\n\n\n<p>DURAL \u00d6ZLEM, BASTU ERCAN, YASA CENK, \u00c7ELIK ENGIN, G\u00dcNG\u00d6R UGURLUCAN FUNDA,BUYRU FARUK (2013). Relevance of thrombophilia and impact of office hysteroscopy on recurrent in vitro fertilization failures: a case series. Clinical and Experimental Obstetrics &amp; Gynecology, 40(2), 215-216 .<\/p>\n\n\n\n<p>YASA CENK, BASTU ERCAN, DURAL \u00d6ZLEM, \u00c7ELIK ENGIN, ERGUN MEHMET B\u00dcLENT (2013). Evaluation of low-dose letrozole addition to ovulation induction in IVF. Clinical and Experimental Obstetrics &amp; Gynecology, 40(1), 98-100.<\/p>\n\n\n\n<p>\u00c7ELIK ENGIN, BASTU ERCAN, DURAL \u00d6ZLEM, YASA CENK, BUYRU FARUK (2013). Relevance of anti-M\u00fcllerian hormone on in vitro fertilization outcome. Clinical and Experimental Obstetrics &amp; Gynecology, 40(1), 66-69.<\/p>\n\n\n\n<p>G\u00dcNG\u00d6R UGURLUCAN FUNDA, AYYILDIZ ERKAN HABIBE, YASA CENK, YAL\u00c7IN \u00d6NAY (2013). Does tension-free vaginal tape and tension-free vaginal tape-obturator affect urodynamics? Comparison of the two techniques. Clinical and Experimental Obstetrics &amp; Gynecology, 40(4), 536-541.<\/p>\n\n\n\n<p>IYIBOZKURT AHMET CEM,YASA CENK,SCHMEITA DOERTE ELISABETH, G\u00dcNG\u00d6R UGURLUCAN FUNDA,TOPUZ SAMET,BERKMAN SINAN (2011). Aggressive Angiomyxoma of the Pelviperineum: Surgical Treatment through a Perineal Incision. Journal of Minimally Invasive Gynecology, 18(4), 541-544., Doi: 10.1016\/j.jmig.2011.04.013<\/p>\n\n\n\n<p>SCI, SCI-E, SSCI, AHCI KAPSAMI DI\u015eINDAK\u0130 ULUSLARARASI HAKEML\u0130 DERG\u0130LERDE YAYINLANAN MAKALELER<\/p>\n\n\n\n<p>YASA CENK, DURAL \u00d6ZLEM, BASTU ERCAN, G\u00dcNG\u00d6R UGURLUCAN FUNDA (2016). Hirsutism, Acne and Hair Loss: Management of Hyperandrogenic Cutaneous Manifestations of Polycystic Ovary Syndrome. GYNECOLOGY OBSTETRICS AND REPRODUCTIVE MEDICINE . doi: 10.21613\/GORM.2016.613<\/p>\n\n\n\n<p>YASA CENK, DURAL \u00d6ZLEM, BASTU ERCAN,YUMRU \u00c7ELIKSOY HARIKA,DEMIR \u00d6MER,G\u00dcNG\u00d6R UGURLUCAN FUNDA(2016) Evaluation of the Results of Conservative Management of Women With Tuboovarian Abscess; Single Tertiary Center Experience. GYNECOLOGY OBSTETRICS AND REPRODUCTIVE MEDICINE, 22,2 doi: 10.21613\/GORM.2016.67<\/p>\n\n\n\n<p>OZCEKER DENIZ, SOMER AYPER, YASA CENK, YENIAD BARIS, KASNAK GOKHAN, EROL OGUZ BULENT, GULER NERMIN, TAMAY ZEYNEP (2016). Late sequela in a survivor of Stevens Johnson Syndrome in childhood. Pediatrics Therapeutics, 6(3), 296, Doi:10.4172\/2161-0665.1000296<\/p>\n\n\n\n<p>AKHAN S\u00dcLEYMAN ENGIN, DELIER HANDE, BASTU ERCAN, YASA CENK,G\u00dcNG\u00d6R UGURLUCAN FUNDA, BESISIK SEVGI (2015). Treatment of Vaginal Agglutination Complicating Chronic Graft-Versus-Host Disease: A Rare Case Report. Journal of Clinical and Analytical Medicine, 6 (5), 626-628., Doi: 10.4328\/JCAM.3592<\/p>\n\n\n\n<p>YASA CENK, TAKMAZ \u00d6ZG\u00dc\u00c7, DURAL \u00d6ZLEM, AKHAN S\u00dcLEYMAN ENGIN (2013). The Value of Tumor Markers in Endometrial Carcinoma: Review of Literature. Journal of Cancer Therapy, 4(05), 966-970., Doi: 10.4236\/jct.2013.45110<\/p>\n\n\n\n<p>YASA CENK, DURAL \u00d6ZLEM, BASTU ERCAN, NEHIR ASLI,TOPUZ SAMET (2013). What is your diagnosis?.JOURNAL OF THE TURKISH GERMAN GYNECOLOGICAL ASSOCIATION, 14(4), 250-251., Doi: 10.5152\/jtgga.2013.76820<\/p>\n\n\n\n<p>BASTU ERCAN, MUTLU MEHMET FIRAT, YASA CENK, ATTAR NECIP ERKUT (2013). Endometriosis and Immunology. TURKISH JOURNAL OF IMMUNOLOGY, 1(2), 54-62., Doi: 10.5606\/tji.2013.195<\/p>\n\n\n\n<p>ULUSLARARASI YAYINEVLER\u0130NDEN BASILAN K\u0130TAPLARDA B\u00d6L\u00dcM YAZARLI\u011eI<\/p>\n\n\n\n<p>Synopsis in the Management of Urinary Incontinence, B\u00f6l\u00fcm Ad\u0131: Adjustable Midurethral Slings in the Treatment of Female Stress Urinary Incontinence (2017) . G\u00dcNG\u00d6R U\u011eURLUCAN FUNDA, YA\u015eA CENK, InTech, Edit\u00f6r Ammar Alhasso, Bas\u0131m say\u0131s\u0131 1, Sayfa say\u0131s\u0131 18, ISBN 978-953-51-2931-8<\/p>\n\n\n\n<p>Hysterectomies: Prevalance, Methods and Postoperative Complications, B\u00f6l\u00fcm ad\u0131: The Effects of Simple and Radical Hysterectomy on Lower Urinary Tract Functions (2015)., G\u00dcNG\u00d6R U\u011eURLUCAN FUNDA,YA\u015eA CENK, Nova Science Publishers, Edit\u00f6r:Lockwood Ashley, Bas\u0131m say\u0131s\u0131:1, Sayfa Say\u0131s\u0131 21, ISBN:9781-634637213<\/p>\n\n\n\n<p>T\u00dcB\u0130TAK \u2013 ULAKB\u0130M\u2019DE TARANAN YURT\u0130\u00c7\u0130 HAKEML\u0130 DERG\u0130LERDE YAYIMLANMI\u015e MAKALELER<\/p>\n\n\n\n<p>YASA CENK,DURAL \u00d6ZLEM, TEF\u0130K TZEVAT, KANDEM\u0130R HULYA, BASTU ERCAN, T\u00dcRKYILMAZ G\u00dcRCAN, SANLI ONER, OKTAR TAYFUN, KALEL\u0130OGLU \u0130BRAH\u0130M (2017). Plasenta \u0130nvazyon Anomalilerinin Y\u00f6netiminde \u00dcrolojik Komplikasyonlar: Tek Tersiyer Merkezin 5 Y\u0131ll\u0131k Sonu\u00e7lar\u0131. ISTANBUL TIP FAK\u00dcLTESI DERGISI, 79(3), 102-105.<\/p>\n\n\n\n<p>DURAL \u00d6ZLEM, YASA CENK, ACAR K DEN\u0130Z, YILDIRIM GOKHAN, BESTE MELIH, TEKEL\u0130 SEDAT, ASLAN HAL\u0130L (2017). Comparison of Use of Low Dose Vaginal Misoprostol for Second and Early Third Trimester Pregnancy Termination in Women With Prior Caeserean and Unscarred Uteri. ISTANBUL TIP FAK\u00dcLTESI DERGISI, 79(2), 72-78.<\/p>\n\n\n\n<p>G\u00d6KSEVER \u00c7EL\u0130K HALE, \u00c7EL\u0130K ENG\u0130N, YA\u015eA CENK, Y\u00dcKSEL SEMRA, \u00c7EL\u0130K SERDAL, DURAL \u00d6ZLEM, ARK HASAN CEMAL (2017). Tuba-Ovaryan Abselerde Farkl\u0131 Y\u00f6netim \u015eekilleri: \u00dc\u00e7\u00fcnc\u00fc Basamak Hastane Deneyimi. OKMEYDANI TIP DERG\u0130S\u0130, 33(2),87-92<\/p>\n\n\n\n<p>DURAL \u00d6ZLEM, YASA CENK, G\u00dcNG\u00d6R UGURLUCAN FUNDA, BASTU ERCAN, TOPUZ SAMET (2017). Adolesanda Akut Bat\u0131n Tablosunu Taklit Eden Non-Komunikan Rudimenter Horn ile Birlikte Uterus Unikornis. EGE JOURNAL OF MEDICINE, 56(1),46-48.<\/p>\n\n\n\n<p>YASA CENK, DURAL \u00d6ZLEM, BASTU ERCAN, G\u00dcNG\u00d6R UGURLUCAN FUNDA, KAYA FATIH, IYIBOZKURT AHMET CEM (2016). Over Tors\u0131yonu Olgusunda Konservat\u0131f Yaklas\u0131m\u0131n Over Rezerv\u0131 \u00dczer\u0131ne Etk\u0131s\u0131n\u0131n Ant\u0131m\u00fcller\u0131yan Hormon D\u00fczey\u0131 Ve Antral Fol\u0131k\u00fclSay\u0131s\u0131 Ile Degerlend\u0131r\u0131lmes\u0131: Olgu Sunumu . ISTANBUL TIP FAK\u00dcLTESI DERGISI, 79(1), 43-45.<\/p>\n\n\n\n<p>G\u00dcNG\u00d6R UGURLUCAN FUNDA, YASA CENK (2016). Kad\u0131n Stres \u00dcriner \u0130nkontinans Tedavisinde Ayarlanabilir Orta \u00dcretral Slingler. KONTINANS VE N\u00d6RO\u00dcROLOJI B\u00dcLTEN\u0130, 2016;3:11-16<\/p>\n\n\n\n<p>YASA CENK, DURAL \u00d6ZLEM, BASTU ERCAN, KALELIOGLU IBRAHIM HALIL (2014). A Pregnant Woman with Recurrent Uterine Rupture; Case Report and Review of Literature. TURK\u0130YE KL\u0130N\u0130KLER\u0130 JOURNAL OF GYNECOLOGY AND OBSTETRICS, 24(4), 261-264<\/p>\n\n\n\n<p>G\u00dcNG\u00d6R UGURLUCAN FUNDA, YASA CENK, BASTU ERCAN, DURAL \u00d6ZLEM, YAL\u00c7IN \u00d6NAY (2013). Uterus Koruyucu Pelv\u0131k Organ Prolapsus Tedav\u0131s\u0131. ISTANBUL TIP FAK\u00dcLTESI DERGISI, 76(3), 59-66.<\/p>\n\n\n\n<p>YASA CENK,DURAL \u00d6ZLEM (2014). Adolesanlarda Anormal Uterin Kanamaya Jinekolog G\u00f6z\u00fcyle Yaklas\u0131m. \u00c7OCUK DERG\u0130S\u0130, 14(4), 131-137., Doi: 10.5222\/j.child.2014.131<\/p>\n\n\n\n<p>ULUSAL YAYINEVLER\u0130NDEN BASILAN K\u0130TAPLARDA;<\/p>\n\n\n\n<p>K\u0130TAP YAZARLI\u011eI<\/p>\n\n\n\n<p>ABDULLAH TURFANDA, AHMET B\u00dcY\u00dcK\u00d6REN, AHMET CEM \u0130Y\u0130BOZKURT, FUNDA G\u00dcNG\u00d6R U\u011eURLUCAN, ERCAN BA\u015eTU, CENK YA\u015eA, \u00d6ZLEM DURAL. Jinekoloji El Kitab\u0131 (2013). Nobel T\u0131p Kitapevleri, \u0130stanbul. ISBN: 978-975-420-980-8<\/p>\n\n\n\n<p>B\u00d6L\u00dcM YAZARLI\u011eI<\/p>\n\n\n\n<p>Kad\u0131n Do\u011fum-Jinekoloji: \u0130stanbul T\u0131p Fak\u00fcltesi 185. Y\u0131l Ders Kitaplar\u0131 Serisi. Edit\u00f6r; \u00d6nay Yal\u00e7\u0131n.B\u00f6l\u00fcm Ad\u0131: Jinekolojik Muayene Y\u00f6ntemleri. MEHMET B\u00dcLENT ERGUN, CENK YA\u015eA (2017) . Nobel T\u0131p Kitapevleri, \u0130stanbul. ISBN: 9786058419636<\/p>\n\n\n\n<p>K\u0130TAP \u00c7EV\u0130R\u0130S\u0130<\/p>\n\n\n\n<p>Kad\u0131n Pelvik Sa\u011fl\u0131\u011f\u0131 &amp; Rekonstr\u00fcktif Cerrahisi Klinik Pratik &amp; Cerrahi Atlas\u0131. FUNDA G\u00dcNG\u00d6R U\u011eURLUCAN, CENK YA\u015eA. Pelikan Yay\u0131nc\u0131l\u0131k, Ankara, 2016. 9786059160346<\/p>\n\n\n\n<p>K\u0130TAP \u0130\u00c7ER\u0130S\u0130NDE B\u00d6L\u00dcM \u00c7EV\u0130R\u0130S\u0130<\/p>\n\n\n\n<p>Fetusun Kalp At\u0131m\u0131n\u0131n Elektronik Izlemi ve Degerlendirilmesi, B\u00f6l\u00fcm ad\u0131:(Disritmiler)(2015)., G\u00dcNG\u00d6R UGURLUCAN FUNDA,YASA CENK,DURAL \u00d6ZLEM, G\u00dcNES TIP KITABEVLERI, Edit\u00f6r:B\u00dcY\u00dcKKURT SELIM, Bas\u0131m say\u0131s\u0131:2, Sayfa Say\u0131s\u0131 72, ISBN:978-975-277-583-1<\/p>\n\n\n\n<p>Fetal Kalp H\u0131z\u0131 Monitorizasyonu, B\u00f6l\u00fcm ad\u0131:(Fetal Monitorizasyonun Fizyolojik Temeli)(2015)., YASA CENK, Nobel T\u0131p Kitabevi, Edit\u00f6r:Has Recep, Bas\u0131m say\u0131s\u0131:2, Sayfa Say\u0131s\u0131 18, ISBN:978-605-335-151-1<\/p>\n\n\n\n<p>Bir Bak\u0131\u015fta Kad\u0131n Dogum, B\u00f6l\u00fcm ad\u0131:(Birinci Basamak Sagl\u0131kta Obstetri) (2013)., YASA CENK, AKHAN S\u00dcLEYMAN ENGIN, AKADEMISYEN KITABEVI, Edit\u00f6r:Demir Cansun, K\u00fc\u00e7\u00fckg\u00f6z G\u00fcler. \u00dcmran, Bas\u0131m say\u0131s\u0131:1, Sayfa Say\u0131s\u0131 4, ISBN:978-605-464-941-9<\/p>\n\n\n\n<p>DOGUM SONU KANAMA, B\u00f6l\u00fcm ad\u0131:( \u00d6zel Kosullar: Kan Transf\u00fczyonunu Reddeden ve\/veya Onay Veren Yehova\u2019n\u0131n Sahitleri ) (2010)., KALELIOGLU IBRAHIM HALIL,YASA CENK, MATUS BASIMEVI REKLAM VE YAYINCILIK, Edit\u00f6r:DEMIR CANSUN, B\u00dcY\u00dcKKURT SELIM, Bas\u0131m say\u0131s\u0131:1, Sayfa Say\u0131s\u0131 7, ISBN:978-605-61365-0-4<\/p>\n\n\n\n<p>Obstetrik ve Jinekolojide Ultrason, B\u00f6l\u00fcm ad\u0131:(Ekstremite Anomalileri) (2009)., KALELIOGLU IBRAHIM HALIL,YASA CENK,KAYSERILI KARABEY H\u00dcLYA, DOGAN TIB KITABEVI, Edit\u00f6r: \u00d6ZDEN SEL\u00c7UK, Bas\u0131m say\u0131s\u0131:2, Sayfa Say\u0131s\u0131 23, ISBN:978-605-89414-1-0<\/p>\n","protected":false},"excerpt":{"rendered":"<p>SCI, SCI-E, SSCI, AHCI \u0130NDEKSLER\u0130NE G\u0130REN DERG\u0130LERDE YAYINLANAN MAKALELER YASA CENK, G\u00dcNG\u00d6R UGURLUCAN FUNDA, DURAL \u00d6ZLEM, YUMRU HARIKA,GUNAYDIN CANSU,YAL\u00c7IN \u00d6NAY (2017). Transobturator Tape Operation for the Treatment of Stress Urinary Incontinence in Postmenopausal Women Aged Over 65 Years. Lower Urinary Tract Symptoms, Doi: 10.1111\/luts.12154. YASA CENK, DURAL \u00d6ZLEM, BASTU ERCAN, ZORLU MASALLAH, DEMIR OMER, G\u00dcNG\u00d6R [&hellip;]<\/p>\n","protected":false},"author":1,"featured_media":0,"parent":0,"menu_order":0,"comment_status":"closed","ping_status":"closed","template":"","meta":[],"_links":{"self":[{"href":"http:\/\/cenkyasa.com\/index.php\/wp-json\/wp\/v2\/pages\/24"}],"collection":[{"href":"http:\/\/cenkyasa.com\/index.php\/wp-json\/wp\/v2\/pages"}],"about":[{"href":"http:\/\/cenkyasa.com\/index.php\/wp-json\/wp\/v2\/types\/page"}],"author":[{"embeddable":true,"href":"http:\/\/cenkyasa.com\/index.php\/wp-json\/wp\/v2\/users\/1"}],"replies":[{"embeddable":true,"href":"http:\/\/cenkyasa.com\/index.php\/wp-json\/wp\/v2\/comments?post=24"}],"version-history":[{"count":3,"href":"http:\/\/cenkyasa.com\/index.php\/wp-json\/wp\/v2\/pages\/24\/revisions"}],"predecessor-version":[{"id":73,"href":"http:\/\/cenkyasa.com\/index.php\/wp-json\/wp\/v2\/pages\/24\/revisions\/73"}],"wp:attachment":[{"href":"http:\/\/cenkyasa.com\/index.php\/wp-json\/wp\/v2\/media?parent=24"}],"curies":[{"name":"wp","href":"https:\/\/api.w.org\/{rel}","templated":true}]}}