{"id":147,"date":"2021-12-10T20:43:59","date_gmt":"2021-12-10T20:43:59","guid":{"rendered":"http:\/\/cenkyasa.com\/?page_id=147"},"modified":"2021-12-12T18:19:05","modified_gmt":"2021-12-12T18:19:05","slug":"urojinekoloji","status":"publish","type":"page","link":"http:\/\/cenkyasa.com\/","title":{"rendered":"\u00dcrojinekoloji"},"content":{"rendered":"\n<p>Rahim Sarkmas\u0131<\/p>\n\n\n\n<p>\u0130drar Ka\u00e7\u0131rma<\/p>\n\n\n\n<p>D\u0131\u015fk\u0131 Ka\u00e7\u0131rma<\/p>\n\n\n\n<p>Pelvik A\u011fr\u0131<\/p>\n","protected":false},"excerpt":{"rendered":"<p>Rahim Sarkmas\u0131 \u0130drar Ka\u00e7\u0131rma D\u0131\u015fk\u0131 Ka\u00e7\u0131rma Pelvik A\u011fr\u0131<\/p>\n","protected":false},"author":1,"featured_media":112,"parent":0,"menu_order":0,"comment_status":"closed","ping_status":"closed","template":"","meta":[],"_links":{"self":[{"href":"http:\/\/cenkyasa.com\/index.php\/wp-json\/wp\/v2\/pages\/147"}],"collection":[{"href":"http:\/\/cenkyasa.com\/index.php\/wp-json\/wp\/v2\/pages"}],"about":[{"href":"http:\/\/cenkyasa.com\/index.php\/wp-json\/wp\/v2\/types\/page"}],"author":[{"embeddable":true,"href":"http:\/\/cenkyasa.com\/index.php\/wp-json\/wp\/v2\/users\/1"}],"replies":[{"embeddable":true,"href":"http:\/\/cenkyasa.com\/index.php\/wp-json\/wp\/v2\/comments?post=147"}],"version-history":[{"count":3,"href":"http:\/\/cenkyasa.com\/index.php\/wp-json\/wp\/v2\/pages\/147\/revisions"}],"predecessor-version":[{"id":161,"href":"http:\/\/cenkyasa.com\/index.php\/wp-json\/wp\/v2\/pages\/147\/revisions\/161"}],"wp:featuredmedia":[{"embeddable":true,"href":"http:\/\/cenkyasa.com\/index.php\/wp-json\/wp\/v2\/media\/112"}],"wp:attachment":[{"href":"http:\/\/cenkyasa.com\/index.php\/wp-json\/wp\/v2\/media?parent=147"}],"curies":[{"name":"wp","href":"https:\/\/api.w.org\/{rel}","templated":true}]}}