{"id":108,"date":"2021-12-10T18:07:28","date_gmt":"2021-12-10T18:07:28","guid":{"rendered":"http:\/\/cenkyasa.com\/?page_id=108"},"modified":"2021-12-10T19:04:11","modified_gmt":"2021-12-10T19:04:11","slug":"randevu","status":"publish","type":"page","link":"http:\/\/cenkyasa.com\/index.php\/randevu\/","title":{"rendered":"Randevu"},"content":{"rendered":"\n<p><strong>\u0130stanbul T\u0131p Fak\u00fcltesi \u00d6\u011fretim \u00dcyesi Muayenesi<\/strong><\/p>\n\n\n\n<p>\u00c7ar\u015famba 09:00 &#8211; 12:00<\/p>\n\n\n\n<p>Cuma 09:00-12:00<\/p>\n\n\n\n<p>Randevu i\u00e7in;<\/p>\n\n\n\n<p><a href=\"http:\/\/itfrandevu.istanbul.edu.tr\/\" data-type=\"URL\" data-id=\"http:\/\/itfrandevu.istanbul.edu.tr\/\">http:\/\/itfrandevu.istanbul.edu.tr\/<\/a><\/p>\n\n\n\n<p>ilgili sayfada bilgileriniz doldurduktan sonra \u201c\u00d6\u011fretim \u00dcyesi Randevu\u201d butonuna t\u0131klay\u0131n\u0131z.<\/p>\n\n\n\n<p>Kar\u015f\u0131n\u0131za gelen sayfada yerle\u015fke<strong> (\u00c7apa Yerle\u015fkesi) <\/strong>ve b\u00f6l\u00fcm <strong>(Kad\u0131n Hastal\u0131klar\u0131 ve Do\u011fum) <\/strong>Se\u00e7iminin ard\u0131ndan,  Mesai D\u0131\u015f\u0131 \u00d6\u011fretim \u00dcyesi Muayene Listesini g\u00f6rebilir ve size uygun saat i\u00e7in randevu alabilirsiniz.<\/p>\n\n\n\n<p><\/p>\n","protected":false},"excerpt":{"rendered":"<p>\u0130stanbul T\u0131p Fak\u00fcltesi \u00d6\u011fretim \u00dcyesi Muayenesi \u00c7ar\u015famba 09:00 &#8211; 12:00 Cuma 09:00-12:00 Randevu i\u00e7in; http:\/\/itfrandevu.istanbul.edu.tr\/ ilgili sayfada bilgileriniz doldurduktan sonra \u201c\u00d6\u011fretim \u00dcyesi Randevu\u201d butonuna t\u0131klay\u0131n\u0131z. Kar\u015f\u0131n\u0131za gelen sayfada yerle\u015fke (\u00c7apa Yerle\u015fkesi) ve b\u00f6l\u00fcm (Kad\u0131n Hastal\u0131klar\u0131 ve Do\u011fum) Se\u00e7iminin ard\u0131ndan, Mesai D\u0131\u015f\u0131 \u00d6\u011fretim \u00dcyesi Muayene Listesini g\u00f6rebilir ve size uygun saat i\u00e7in randevu alabilirsiniz.<\/p>\n","protected":false},"author":1,"featured_media":0,"parent":0,"menu_order":0,"comment_status":"closed","ping_status":"closed","template":"","meta":[],"_links":{"self":[{"href":"http:\/\/cenkyasa.com\/index.php\/wp-json\/wp\/v2\/pages\/108"}],"collection":[{"href":"http:\/\/cenkyasa.com\/index.php\/wp-json\/wp\/v2\/pages"}],"about":[{"href":"http:\/\/cenkyasa.com\/index.php\/wp-json\/wp\/v2\/types\/page"}],"author":[{"embeddable":true,"href":"http:\/\/cenkyasa.com\/index.php\/wp-json\/wp\/v2\/users\/1"}],"replies":[{"embeddable":true,"href":"http:\/\/cenkyasa.com\/index.php\/wp-json\/wp\/v2\/comments?post=108"}],"version-history":[{"count":2,"href":"http:\/\/cenkyasa.com\/index.php\/wp-json\/wp\/v2\/pages\/108\/revisions"}],"predecessor-version":[{"id":122,"href":"http:\/\/cenkyasa.com\/index.php\/wp-json\/wp\/v2\/pages\/108\/revisions\/122"}],"wp:attachment":[{"href":"http:\/\/cenkyasa.com\/index.php\/wp-json\/wp\/v2\/media?parent=108"}],"curies":[{"name":"wp","href":"https:\/\/api.w.org\/{rel}","templated":true}]}}